{"id":3,"date":"2025-10-01T10:16:16","date_gmt":"2025-10-01T10:16:16","guid":{"rendered":"https:\/\/adam.mi-store.shop\/?page_id=3"},"modified":"2025-11-08T00:10:31","modified_gmt":"2025-11-08T00:10:31","slug":"privacy-policy","status":"publish","type":"page","link":"https:\/\/capilmed.com\/ar\/privacy-policy\/","title":{"rendered":"\u0633\u064a\u0627\u0633\u0629 \u0627\u0644\u062e\u0635\u0648\u0635\u064a\u0629"},"content":{"rendered":"<div data-elementor-type=\"wp-page\" data-elementor-id=\"3\" class=\"elementor elementor-3\" data-elementor-post-type=\"page\">\n\t\t\t\t<div class=\"elementor-element elementor-element-383c3e9d e-flex e-con-boxed e-con e-parent\" data-id=\"383c3e9d\" data-element_type=\"container\">\n\t\t\t\t\t<div class=\"e-con-inner\">\n\t\t\t\t<div class=\"elementor-element elementor-element-3f33cd23 elementor-widget elementor-widget-text-editor\" data-id=\"3f33cd23\" data-element_type=\"widget\" data-widget_type=\"text-editor.default\">\n\t\t\t\t\t\t\t\t\t<p><strong><\/strong><\/p>\n<h2 class=\"wp-block-heading\">\u0627\u0644\u0645\u0627\u062f\u0629 1: \u062c\u0645\u0639 \u0645\u0639\u0644\u0648\u0645\u0627\u062a\u0643 \u0627\u0644\u0634\u062e\u0635\u064a\u0629<\/h2>\n<p><\/p>\n<p>\u0646\u0642\u0648\u0645 \u0628\u062c\u0645\u0639 \u0627\u0644\u0645\u0639\u0644\u0648\u0645\u0627\u062a \u0639\u0646\u062f\u0645\u0627 \u062a\u0642\u0648\u0645 \u0628\u0645\u0644\u0621 \u0646\u0645\u0627\u0630\u062c\u0646\u0627\u00a0<em>\u0646\u0645\u0627\u0630\u062c \u0627\u0644\u0627\u062a\u0635\u0627\u0644<\/em>,\u00a0<em>\u0646\u0645\u0627\u0630\u062c \u062a\u0648\u0644\u064a\u062f \u0627\u0644\u0639\u0645\u0644\u0627\u0621 \u0627\u0644\u0645\u062d\u062a\u0645\u0644\u064a\u0646 \u0639\u0628\u0631 \u0646\u0645\u0648\u0630\u062c \u0644\u064a\u0646\u0643\u062f\u0625\u0646 \u0648\u0646\u0645\u0648\u0630\u062c \u0625\u0639\u0644\u0627\u0646\u0627\u062a \u0641\u064a\u0633\u0628\u0648\u0643<\/em>\u00a0\u0645\u0646 \u0623\u062c\u0644 \u0639\u0631\u0636 \u0633\u0639\u0631 \u0648\u0639\u0646\u062f\u0645\u0627\u00a0<em>\u062a\u0637\u0644\u0628 \u0623\u062d\u062f \u062e\u062f\u0645\u0627\u062a\u0646\u0627<\/em>.<\/p>\n<p><\/p>\n<p>\u064a\u0645\u0643\u0646\u0646\u0627 \u062c\u0645\u0639 \u0627\u0644\u0645\u0639\u0644\u0648\u0645\u0627\u062a \u0627\u0644\u062a\u0627\u0644\u064a\u0629:\u00a0<em>v<\/em><em>\u0627\u0633\u0645\u0643 \u0627\u0644\u0623\u0648\u0644<\/em>,\u00a0<em>\u0627\u0633\u0645 \u0627\u0644\u0639\u0627\u0626\u0644\u0629<\/em>\u0627\u0633\u0645 \u0634\u0631\u0643\u062a\u0643<em>\u0639\u0646\u0648\u0627\u0646 \u0628\u0631\u064a\u062f\u0643 \u0627\u0644\u0625\u0644\u0643\u062a\u0631\u0648\u0646\u064a<\/em>,\u00a0<em>\u0631\u0642\u0645 \u0647\u0627\u062a\u0641\u0643<\/em>,\u00a0<em>\u0648<\/em>\u00a0<em>\u0627\u062d\u062a\u064a\u0627\u062c\u0627\u062a\u0643<\/em>.<\/p>\n<p><\/p>\n<h2>\u0627\u0644\u0645\u0627\u062f\u0629 2: \u0627\u0633\u062a\u062e\u062f\u0627\u0645 \u0645\u0639\u0644\u0648\u0645\u0627\u062a\u0643 \u0627\u0644\u0634\u062e\u0635\u064a\u0629<\/h2>\n<p><\/p>\n<p>\u062c\u0645\u064a\u0639 \u0627\u0644\u0645\u0639\u0644\u0648\u0645\u0627\u062a \u0627\u0644\u062a\u064a \u0646\u062c\u0645\u0639\u0647\u0627 \u0645\u0646\u0643 \u064a\u0645\u0643\u0646 \u0627\u0633\u062a\u062e\u062f\u0627\u0645\u0647\u0627 \u0645\u0646 \u0623\u062c\u0644:<\/p>\n<p><\/p>\n<ul class=\"wp-block-list\">\n<li style=\"list-style-type: none;\">\n<ul class=\"wp-block-list\"><\/ul>\n<\/li>\n<\/ul>\n<p>\u00a0<\/p>\n<ul class=\"wp-block-list\">\n<li style=\"list-style-type: none;\">\n<ul class=\"wp-block-list\">\n<li>\u0627\u0644\u062a\u0648\u0627\u0635\u0644 \u0645\u0639\u0643 \u0628\u0637\u0631\u064a\u0642\u0629 \u0623\u0643\u062b\u0631 \u0641\u0639\u0627\u0644\u064a\u0629\u061b<\/li>\n<\/ul>\n<\/li>\n<\/ul>\n<p><\/p>\n<ul class=\"wp-block-list\">\n<li style=\"list-style-type: none;\">\n<ul class=\"wp-block-list\">\n<li>\u062c\u0645\u0639 \u0648\u0625\u0639\u062f\u0627\u062f \u0627\u0644\u0625\u062d\u0635\u0627\u0626\u064a\u0627\u062a \u0628\u0647\u062f\u0641 \u062a\u062d\u0633\u064a\u0646 \u062d\u0645\u0644\u0627\u062a\u0646\u0627 \u0627\u0644\u062a\u0633\u0648\u064a\u0642\u064a\u0629 \u0648\u0627\u0644\u0625\u0644\u0643\u062a\u0631\u0648\u0646\u064a\u0629\u061b<\/li>\n<\/ul>\n<\/li>\n<\/ul>\n<p><\/p>\n<ul class=\"wp-block-list\">\n<li style=\"list-style-type: none;\">\n<ul class=\"wp-block-list\">\n<li>\u0625\u0631\u0633\u0627\u0644 \u0627\u0644\u0646\u0634\u0631\u0627\u062a \u0627\u0644\u0625\u062e\u0628\u0627\u0631\u064a\u0629 \u0625\u0644\u064a\u0643 \u0641\u064a \u062d\u0627\u0644 \u0643\u0646\u062a \u0645\u0634\u062a\u0631\u0643\u064b\u0627 \u0641\u064a\u0647\u0627\u061b<\/li>\n<\/ul>\n<\/li>\n<\/ul>\n<p><\/p>\n<ul class=\"wp-block-list\">\n<li style=\"list-style-type: none;\">\n<ul class=\"wp-block-list\">\n<li>\u062a\u062e\u0635\u064a\u0635 \u062a\u062c\u0631\u0628\u062a\u0643 \u0648\u0627\u0644\u0631\u062f \u0639\u0644\u0649 \u0627\u062d\u062a\u064a\u0627\u062c\u0627\u062a\u0643 \u0627\u0644\u0641\u0631\u062f\u064a\u0629.<\/li>\n<\/ul>\n<\/li>\n<\/ul>\n<p><\/p>\n<p><\/p>\n<h2>\u00a0<\/h2>\n<h2>\u0627\u0644\u0645\u0627\u062f\u0629 3: \u0633\u0631\u064a\u0629 \u0628\u064a\u0627\u0646\u0627\u062a\u0643 \u0627\u0644\u0634\u062e\u0635\u064a\u0629<\/h2>\n<p><\/p>\n<p>Nous sommes les seuls propri\u00e9taires des informations recueillies sur notre site ou sur notre page Facebook. Vos informations personnelles ne seront pas vendues, \u00e9chang\u00e9es, transf\u00e9r\u00e9es, ou donn\u00e9es \u00e0 une autre soci\u00e9t\u00e9 pour n\u2019importe quelle raison, sans votre consentement.<\/p>\n<p><\/p>\n<h2>ARTICLE 4 : DIVULGATION \u00c0 DES TIERS<\/h2>\n<p><\/p>\n<p>Nous ne vendons, n\u2019\u00e9changeons et ne transf\u00e9rons pas vos informations personnelles identifiables \u00e0 des tiers. Cela ne comprend pas les tierce parties de confiance qui nous aident \u00e0 exploiter notre site web ou \u00e0 mener nos affaires, tant que ces parties conviennent de garder ces informations confidentielles.<\/p>\n<p><\/p>\n<h2>\u0627\u0644\u0645\u0627\u062f\u0629 5: \u062d\u0645\u0627\u064a\u0629 \u0645\u0639\u0644\u0648\u0645\u0627\u062a\u0643 \u0627\u0644\u0634\u062e\u0635\u064a\u0629<\/h2>\n<p><\/p>\n<p>\u0646\u0642\u0648\u0645 \u0628\u062a\u0637\u0628\u064a\u0642 \u0645\u062c\u0645\u0648\u0639\u0629 \u0645\u062a\u0646\u0648\u0639\u0629 \u0645\u0646 \u0625\u062c\u0631\u0627\u0621\u0627\u062a \u0627\u0644\u0623\u0645\u0627\u0646 \u0644\u0644\u062d\u0641\u0627\u0638 \u0639\u0644\u0649 \u0633\u0644\u0627\u0645\u0629 \u0645\u0639\u0644\u0648\u0645\u0627\u062a\u0643 \u0627\u0644\u0634\u062e\u0635\u064a\u0629. \u0646\u0633\u062a\u062e\u062f\u0645 \u062a\u0642\u0646\u064a\u0629 \u062a\u0634\u0641\u064a\u0631 \u0645\u062a\u0637\u0648\u0631\u0629 \u0644\u062d\u0645\u0627\u064a\u0629 \u0627\u0644\u0645\u0639\u0644\u0648\u0645\u0627\u062a \u0627\u0644\u062d\u0633\u0627\u0633\u0629 \u0627\u0644\u062a\u064a \u064a\u062a\u0645 \u0625\u0631\u0633\u0627\u0644\u0647\u0627 \u0639\u0628\u0631 \u0627\u0644\u0625\u0646\u062a\u0631\u0646\u062a. \u0643\u0645\u0627 \u0623\u0646 \u0645\u0648\u0642\u0639\u0646\u0627 \u0627\u0644\u0625\u0644\u0643\u062a\u0631\u0648\u0646\u064a \u0645\u0632\u0648\u0651\u062f \u0628\u0634\u0647\u0627\u062f\u0629 SSL (\u0637\u0628\u0642\u0629 \u0627\u0644\u0645\u0642\u0627\u0628\u0633 \u0627\u0644\u0622\u0645\u0646\u0629) \u0644\u0636\u0645\u0627\u0646 \u062d\u0645\u0627\u064a\u0629 \u0627\u0644\u0628\u064a\u0627\u0646\u0627\u062a.<\/p>\n<p><\/p>\n<p>Nous prot\u00e9geons \u00e9galement vos informations hors ligne. Seuls les membres autoris\u00e9s de l\u2019entreprise qui ont besoin d\u2019effectuer un travail sp\u00e9cifique (par exemple, la facturation ou le service aux membres) ont acc\u00e8s aux informations personnelles identifiables. Les ordinateurs et serveurs utilis\u00e9s pour stocker des informations personnelles identifiables sont conserv\u00e9s dans un environnement s\u00e9curis\u00e9 par notre h\u00e9bergeur.<\/p>\n<p><\/p>\n<h2>\u0627\u0644\u0645\u0627\u062f\u0629 6: \u0646\u0633\u062e \u0623\u0648 \u062d\u0630\u0641 \u0645\u0639\u0644\u0648\u0645\u0627\u062a\u0643 \u0627\u0644\u0634\u062e\u0635\u064a\u0629<\/h2>\n<p><\/p>\n<p>\u0646\u062d\u0646 \u0646\u0642\u0648\u0645 \u0628\u062a\u062e\u0632\u064a\u0646 \u0627\u0644\u0628\u064a\u0627\u0646\u0627\u062a \u0627\u0644\u0645\u0631\u0633\u0644\u0629 \u0639\u0628\u0631 \u0646\u0645\u0627\u0630\u062c \u0627\u0644\u0627\u062a\u0635\u0627\u0644 \u0627\u0644\u0645\u062e\u062a\u0644\u0641\u0629 \u0644\u062f\u064a\u0646\u0627.<\/p>\n<p><\/p>\n<p>Cependant, vous avez la possibilit\u00e9 de nous contacter par e-mail \u00e0 <b>\u0627\u0644\u0628\u0631\u064a\u062f \u0627\u0644\u0625\u0644\u0643\u062a\u0631\u0648\u0646\u064a: contact@capilmed.com<\/b> ou par t\u00e9l\u00e9phone au <strong>+216 55 597 537<\/strong>\u00a0pour toute demande de copie ou de suppression de vos donn\u00e9es personnelles que nous stockons.<\/p>\n<p><\/p>\n<h2>ARTICLE 7 : ENVOI DE NEWSLETTERS<\/h2>\n<p><\/p>\n<p>Si vous \u00eates concern\u00e9(e)s par l\u2019envoi de notre newsletter, vous pouvez en tout temps vous d\u00e9sabonner de celles-ci via une proposition sur le bas de chaque e-mail.<\/p>\n<p><\/p>\n<h2>\u0627\u0644\u0645\u0627\u062f\u0629 8: \u0633\u064a\u0627\u0633\u0629 \u0645\u0632\u0648\u0651\u062f \u062e\u062f\u0645\u0629 \u0627\u0644\u0627\u0633\u062a\u0636\u0627\u0641\u0629<\/h2>\n<p><\/p>\n<p>Notre h\u00e9bergeur poss\u00e8de sa propre politique de confidentialit\u00e9 concernant l\u2019utilisation de vos donn\u00e9es que vous pouvez consulter en tout temps\u00a0https:\/\/www.ovhcloud.com\/fr\/personal-data-protection\/.<\/p>\n<p><\/p>\n<h2>\u0627\u0644\u0645\u0627\u062f\u0629 9: \u0627\u0644\u0645\u0648\u0627\u0641\u0642\u0629 \u0639\u0644\u0649 \u0633\u064a\u0627\u0633\u062a\u0646\u0627<\/h2>\n<p><\/p>\n<p>En utilisant notre site, vous consentez \u00e0 notre politique de confidentialit\u00e9 et que celle-ci puisse \u00eatre modifi\u00e9e en tout temps par l\u2019\u00e9diteur.<\/p>\n<p><\/p>\t\t\t\t\t\t\t\t<\/div>\n\t\t\t\t\t<\/div>\n\t\t\t\t<\/div>\n\t\t\t\t<\/div>","protected":false},"excerpt":{"rendered":"<p>ARTICLE 1 : COLLECTE DE VOS INFORMATIONS Nous recueillons des informations lorsque vous remplissez nos\u00a0formulaires de contact,\u00a0de g\u00e9n\u00e9ration du prospect sur le formulaire Linkedin, le formulaire de publicit\u00e9 Facebook\u00a0pour une offre de prix et lorsque\u00a0vous demandez l&rsquo;un de nos services. Nous pouvons r\u00e9colter les informations suivantes :\u00a0votre pr\u00e9nom,\u00a0votre nom,\u00a0votre entreprise,\u00a0votre adresse e-mail,\u00a0votre num\u00e9ro de t\u00e9l\u00e9phone,\u00a0et\u00a0votre [&hellip;]<\/p>","protected":false},"author":1,"featured_media":0,"parent":0,"menu_order":0,"comment_status":"closed","ping_status":"open","template":"","meta":{"footnotes":""},"class_list":["post-3","page","type-page","status-publish","hentry"],"yoast_head":"<!-- This site is optimized with the Yoast SEO plugin v26.4 - https:\/\/yoast.com\/wordpress\/plugins\/seo\/ -->\n<title>Politique de confidentialit\u00e9 - Capilmed<\/title>\n<meta name=\"robots\" content=\"index, follow, max-snippet:-1, max-image-preview:large, max-video-preview:-1\" \/>\n<link rel=\"canonical\" href=\"https:\/\/capilmed.com\/ar\/privacy-policy\/\" \/>\n<meta property=\"og:locale\" content=\"ar_AR\" \/>\n<meta property=\"og:type\" content=\"article\" \/>\n<meta property=\"og:title\" content=\"Politique de confidentialit\u00e9 - Capilmed\" \/>\n<meta property=\"og:description\" content=\"ARTICLE 1 : COLLECTE DE VOS INFORMATIONS Nous recueillons des informations lorsque vous remplissez nos\u00a0formulaires de contact,\u00a0de g\u00e9n\u00e9ration du prospect sur le formulaire Linkedin, le formulaire de publicit\u00e9 Facebook\u00a0pour une offre de prix et lorsque\u00a0vous demandez l&rsquo;un de nos services. Nous pouvons r\u00e9colter les informations suivantes :\u00a0votre pr\u00e9nom,\u00a0votre nom,\u00a0votre entreprise,\u00a0votre adresse e-mail,\u00a0votre num\u00e9ro de t\u00e9l\u00e9phone,\u00a0et\u00a0votre [&hellip;]\" \/>\n<meta property=\"og:url\" content=\"https:\/\/capilmed.com\/ar\/privacy-policy\/\" \/>\n<meta property=\"og:site_name\" content=\"Capilmed\" \/>\n<meta property=\"article:modified_time\" content=\"2025-11-08T00:10:31+00:00\" \/>\n<meta name=\"twitter:card\" content=\"summary_large_image\" \/>\n<meta name=\"twitter:label1\" content=\"\u0648\u0642\u062a \u0627\u0644\u0642\u0631\u0627\u0621\u0629 \u0627\u0644\u0645\u064f\u0642\u062f\u0651\u0631\" \/>\n\t<meta name=\"twitter:data1\" content=\"3 \u062f\u0642\u0627\u0626\u0642\" \/>\n<script type=\"application\/ld+json\" class=\"yoast-schema-graph\">{\"@context\":\"https:\/\/schema.org\",\"@graph\":[{\"@type\":\"WebPage\",\"@id\":\"https:\/\/capilmed.com\/privacy-policy\/\",\"url\":\"https:\/\/capilmed.com\/privacy-policy\/\",\"name\":\"Politique de confidentialit\u00e9 - Capilmed\",\"isPartOf\":{\"@id\":\"https:\/\/capilmed.com\/#website\"},\"datePublished\":\"2025-10-01T10:16:16+00:00\",\"dateModified\":\"2025-11-08T00:10:31+00:00\",\"breadcrumb\":{\"@id\":\"https:\/\/capilmed.com\/privacy-policy\/#breadcrumb\"},\"inLanguage\":\"ar\",\"potentialAction\":[{\"@type\":\"ReadAction\",\"target\":[\"https:\/\/capilmed.com\/privacy-policy\/\"]}]},{\"@type\":\"BreadcrumbList\",\"@id\":\"https:\/\/capilmed.com\/privacy-policy\/#breadcrumb\",\"itemListElement\":[{\"@type\":\"ListItem\",\"position\":1,\"name\":\"Accueil\",\"item\":\"https:\/\/capilmed.com\/\"},{\"@type\":\"ListItem\",\"position\":2,\"name\":\"Politique de confidentialit\u00e9\"}]},{\"@type\":\"WebSite\",\"@id\":\"https:\/\/capilmed.com\/#website\",\"url\":\"https:\/\/capilmed.com\/\",\"name\":\"Capilmed\",\"description\":\"\",\"potentialAction\":[{\"@type\":\"SearchAction\",\"target\":{\"@type\":\"EntryPoint\",\"urlTemplate\":\"https:\/\/capilmed.com\/?s={search_term_string}\"},\"query-input\":{\"@type\":\"PropertyValueSpecification\",\"valueRequired\":true,\"valueName\":\"search_term_string\"}}],\"inLanguage\":\"ar\"}]}<\/script>\n<!-- \/ Yoast SEO plugin. -->","yoast_head_json":{"title":"Politique de confidentialit\u00e9 - Capilmed","robots":{"index":"index","follow":"follow","max-snippet":"max-snippet:-1","max-image-preview":"max-image-preview:large","max-video-preview":"max-video-preview:-1"},"canonical":"https:\/\/capilmed.com\/ar\/privacy-policy\/","og_locale":"ar_AR","og_type":"article","og_title":"Politique de confidentialit\u00e9 - Capilmed","og_description":"ARTICLE 1 : COLLECTE DE VOS INFORMATIONS Nous recueillons des informations lorsque vous remplissez nos\u00a0formulaires de contact,\u00a0de g\u00e9n\u00e9ration du prospect sur le formulaire Linkedin, le formulaire de publicit\u00e9 Facebook\u00a0pour une offre de prix et lorsque\u00a0vous demandez l&rsquo;un de nos services. Nous pouvons r\u00e9colter les informations suivantes :\u00a0votre pr\u00e9nom,\u00a0votre nom,\u00a0votre entreprise,\u00a0votre adresse e-mail,\u00a0votre num\u00e9ro de t\u00e9l\u00e9phone,\u00a0et\u00a0votre [&hellip;]","og_url":"https:\/\/capilmed.com\/ar\/privacy-policy\/","og_site_name":"Capilmed","article_modified_time":"2025-11-08T00:10:31+00:00","twitter_card":"summary_large_image","twitter_misc":{"\u0648\u0642\u062a \u0627\u0644\u0642\u0631\u0627\u0621\u0629 \u0627\u0644\u0645\u064f\u0642\u062f\u0651\u0631":"3 \u062f\u0642\u0627\u0626\u0642"},"schema":{"@context":"https:\/\/schema.org","@graph":[{"@type":"WebPage","@id":"https:\/\/capilmed.com\/privacy-policy\/","url":"https:\/\/capilmed.com\/privacy-policy\/","name":"Politique de confidentialit\u00e9 - Capilmed","isPartOf":{"@id":"https:\/\/capilmed.com\/#website"},"datePublished":"2025-10-01T10:16:16+00:00","dateModified":"2025-11-08T00:10:31+00:00","breadcrumb":{"@id":"https:\/\/capilmed.com\/privacy-policy\/#breadcrumb"},"inLanguage":"ar","potentialAction":[{"@type":"ReadAction","target":["https:\/\/capilmed.com\/privacy-policy\/"]}]},{"@type":"BreadcrumbList","@id":"https:\/\/capilmed.com\/privacy-policy\/#breadcrumb","itemListElement":[{"@type":"ListItem","position":1,"name":"Accueil","item":"https:\/\/capilmed.com\/"},{"@type":"ListItem","position":2,"name":"Politique de confidentialit\u00e9"}]},{"@type":"WebSite","@id":"https:\/\/capilmed.com\/#website","url":"https:\/\/capilmed.com\/","name":"Capilmed","description":"","potentialAction":[{"@type":"SearchAction","target":{"@type":"EntryPoint","urlTemplate":"https:\/\/capilmed.com\/?s={search_term_string}"},"query-input":{"@type":"PropertyValueSpecification","valueRequired":true,"valueName":"search_term_string"}}],"inLanguage":"ar"}]}},"_hostinger_reach_plugin_has_subscription_block":false,"_hostinger_reach_plugin_is_elementor":false,"_links":{"self":[{"href":"https:\/\/capilmed.com\/ar\/wp-json\/wp\/v2\/pages\/3","targetHints":{"allow":["GET"]}}],"collection":[{"href":"https:\/\/capilmed.com\/ar\/wp-json\/wp\/v2\/pages"}],"about":[{"href":"https:\/\/capilmed.com\/ar\/wp-json\/wp\/v2\/types\/page"}],"author":[{"embeddable":true,"href":"https:\/\/capilmed.com\/ar\/wp-json\/wp\/v2\/users\/1"}],"replies":[{"embeddable":true,"href":"https:\/\/capilmed.com\/ar\/wp-json\/wp\/v2\/comments?post=3"}],"version-history":[{"count":7,"href":"https:\/\/capilmed.com\/ar\/wp-json\/wp\/v2\/pages\/3\/revisions"}],"predecessor-version":[{"id":7597,"href":"https:\/\/capilmed.com\/ar\/wp-json\/wp\/v2\/pages\/3\/revisions\/7597"}],"wp:attachment":[{"href":"https:\/\/capilmed.com\/ar\/wp-json\/wp\/v2\/media?parent=3"}],"curies":[{"name":"wp","href":"https:\/\/api.w.org\/{rel}","templated":true}]}}